{"id":4969,"date":"2021-06-15T15:14:39","date_gmt":"2021-06-15T13:14:39","guid":{"rendered":"http:\/\/localhost\/pop_translation\/?page_id=4969"},"modified":"2025-02-20T10:56:58","modified_gmt":"2025-02-20T09:56:58","slug":"devis","status":"publish","type":"page","link":"https:\/\/poptranslation.com\/fr\/devis\/","title":{"rendered":"Devis"},"content":{"rendered":"[vc_row type=\u00a0\u00bbin_container\u00a0\u00bb full_screen_row_position=\u00a0\u00bbmiddle\u00a0\u00bb column_margin=\u00a0\u00bbdefault\u00a0\u00bb equal_height=\u00a0\u00bbyes\u00a0\u00bb column_direction=\u00a0\u00bbdefault\u00a0\u00bb column_direction_tablet=\u00a0\u00bbdefault\u00a0\u00bb column_direction_phone=\u00a0\u00bbdefault\u00a0\u00bb scene_position=\u00a0\u00bbcenter\u00a0\u00bb text_color=\u00a0\u00bbdark\u00a0\u00bb text_align=\u00a0\u00bbleft\u00a0\u00bb row_border_radius=\u00a0\u00bb20px\u00a0\u00bb row_border_radius_applies=\u00a0\u00bbbg\u00a0\u00bb overlay_strength=\u00a0\u00bb0.3&Prime; gradient_direction=\u00a0\u00bbleft_to_right\u00a0\u00bb shape_divider_position=\u00a0\u00bbbottom\u00a0\u00bb bg_image_animation=\u00a0\u00bbnone\u00a0\u00bb shape_type=\u00a0\u00bb\u00a0\u00bb][vc_column column_padding=\u00a0\u00bbno-extra-padding\u00a0\u00bb column_padding_tablet=\u00a0\u00bbinherit\u00a0\u00bb column_padding_phone=\u00a0\u00bbpadding-2-percent\u00a0\u00bb column_padding_position=\u00a0\u00bball\u00a0\u00bb background_color=\u00a0\u00bb#ffffff\u00a0\u00bb background_color_opacity=\u00a0\u00bb1&Prime; background_hover_color_opacity=\u00a0\u00bb1&Prime; column_shadow=\u00a0\u00bbnone\u00a0\u00bb column_border_radius=\u00a0\u00bb3px\u00a0\u00bb column_link_target=\u00a0\u00bb_self\u00a0\u00bb gradient_direction=\u00a0\u00bbleft_to_right\u00a0\u00bb overlay_strength=\u00a0\u00bb0.3&Prime; width=\u00a0\u00bb2\/3&Prime; tablet_width_inherit=\u00a0\u00bbdefault\u00a0\u00bb tablet_text_alignment=\u00a0\u00bbdefault\u00a0\u00bb phone_text_alignment=\u00a0\u00bbdefault\u00a0\u00bb column_border_width=\u00a0\u00bbnone\u00a0\u00bb bg_image_animation=\u00a0\u00bbnone\u00a0\u00bb][vc_column_text]\n<h1 class=\"separator_off\">Combien \u00e7a co\u00fbte ?<\/h1>\n[\/vc_column_text][vc_column_text]<a href=\"https:\/\/poptranslation.com\/fr\/devis\">Demandez votre devis en ligne<\/a> :\u00a0 s\u00e9lectionnez la langue cible, d\u00e9posez vos contenus, et nous nous occupons du <a href=\"https:\/\/poptranslation.com\/comment-fonctionne-une-agence-de-traduction\/\">reste<\/a> ![\/vc_column_text]<div role=\"form\" class=\"wpcf7\" id=\"wpcf7-f4603-o1\" lang=\"fr-FR\" dir=\"ltr\">\n<div class=\"screen-reader-response\"><p role=\"status\" aria-live=\"polite\" aria-atomic=\"true\"><\/p> <ul><\/ul><\/div>\n<form action=\"\/fr\/wp-json\/wp\/v2\/pages\/4969#wpcf7-f4603-o1\" method=\"post\" class=\"wpcf7-form init\" novalidate=\"novalidate\" data-status=\"init\">\n<div style=\"display: none;\">\n<input type=\"hidden\" name=\"_wpcf7\" value=\"4603\" \/>\n<input type=\"hidden\" name=\"_wpcf7_version\" value=\"5.5.6.1\" \/>\n<input type=\"hidden\" name=\"_wpcf7_locale\" value=\"fr_FR\" \/>\n<input type=\"hidden\" name=\"_wpcf7_unit_tag\" value=\"wpcf7-f4603-o1\" \/>\n<input type=\"hidden\" name=\"_wpcf7_container_post\" value=\"0\" \/>\n<input type=\"hidden\" name=\"_wpcf7_posted_data_hash\" value=\"\" \/>\n<input type=\"hidden\" name=\"_wpcf7_recaptcha_response\" value=\"\" \/>\n<\/div>\n<div class=\"langue-originelle\">\n<span class=\"wpcf7-form-control-wrap langue-originelle\"><select name=\"langue-originelle\" class=\"wpcf7-form-control wpcf7-select wpcf7-validates-as-required\" id=\"origi\" aria-required=\"true\" aria-invalid=\"false\"><option value=\"Votre fichier de d\u00e9part est en\">Votre fichier de d\u00e9part est en<\/option><option value=\"Arabic\">Arabic<\/option><option value=\"Bulgarian\">Bulgarian<\/option><option value=\"Classical Arabic\">Classical Arabic<\/option><option value=\"Czech\">Czech<\/option><option value=\"Danish\">Danish<\/option><option value=\"Dutch\">Dutch<\/option><option value=\"English\">English<\/option><option value=\"Estonian\">Estonian<\/option><option value=\"Finnish\">Finnish<\/option><option value=\"French\">French<\/option><option value=\"German\">German<\/option><option value=\"Greek\">Greek<\/option><option value=\"Hindi\">Hindi<\/option><option value=\"Hungarian\">Hungarian<\/option><option value=\"Indonesian\">Indonesian<\/option><option value=\"Italian\">Italian<\/option><option value=\"Japanese\">Japanese<\/option><option value=\"Korean\">Korean<\/option><option value=\"Lithuanian\">Lithuanian<\/option><option value=\"Modern Standard Arabic\">Modern Standard Arabic<\/option><option value=\"Norwegian\">Norwegian<\/option><option value=\"Persian\">Persian<\/option><option value=\"Polish\">Polish<\/option><option value=\"Portuguese\">Portuguese<\/option><option value=\"Romanian\">Romanian<\/option><option value=\"Russian\">Russian<\/option><option value=\"Simplified Chinese\">Simplified Chinese<\/option><option value=\"Spanish\">Spanish<\/option><option value=\"Swedish\">Swedish<\/option><option value=\"Tamil language\">Tamil language<\/option><option value=\"Thai\">Thai<\/option><option value=\"Traditional Chinese\">Traditional Chinese<\/option><option value=\"Turkish\">Turkish<\/option><\/select><\/span>\n<\/div>\n<div class=\"langue-cible\">\n<span class=\"wpcf7-form-control-wrap langue-cible\"><select name=\"langue-cible\" class=\"wpcf7-form-control wpcf7-select wpcf7-validates-as-required\" id=\"cible\" aria-required=\"true\" aria-invalid=\"false\"><option value=\"Vous voulez le faire traduire en\">Vous voulez le faire traduire en<\/option><option value=\"Arabic\">Arabic<\/option><option value=\"Bulgarian\">Bulgarian<\/option><option value=\"Classical Arabic\">Classical Arabic<\/option><option value=\"Czech\">Czech<\/option><option value=\"Danish\">Danish<\/option><option value=\"Dutch\">Dutch<\/option><option value=\"English\">English<\/option><option value=\"Estonian\">Estonian<\/option><option value=\"Finnish\">Finnish<\/option><option value=\"French\">French<\/option><option value=\"German\">German<\/option><option value=\"Greek\">Greek<\/option><option value=\"Hindi\">Hindi<\/option><option value=\"Hungarian\">Hungarian<\/option><option value=\"Indonesian\">Indonesian<\/option><option value=\"Italian\">Italian<\/option><option value=\"Japanese\">Japanese<\/option><option value=\"Korean\">Korean<\/option><option value=\"Lithuanian\">Lithuanian<\/option><option value=\"Modern Standard Arabic\">Modern Standard Arabic<\/option><option value=\"Norwegian\">Norwegian<\/option><option value=\"Persian\">Persian<\/option><option value=\"Polish\">Polish<\/option><option value=\"Portuguese\">Portuguese<\/option><option value=\"Romanian\">Romanian<\/option><option value=\"Russian\">Russian<\/option><option value=\"Simplified Chinese\">Simplified Chinese<\/option><option value=\"Spanish\">Spanish<\/option><option value=\"Swedish\">Swedish<\/option><option value=\"Tamil language\">Tamil language<\/option><option value=\"Thai\">Thai<\/option><option value=\"traditional Chinese\">traditional Chinese<\/option><option value=\"Turkish\">Turkish<\/option><\/select><\/span>\n<\/div>\n<p><br><br><\/p>\n<div class=\"file\">\n<label id=\"file\"><br \/>\n<span class=\"wpcf7-form-control-wrap\" data-name=\"upload-file-92\"><input type=\"file\" size=\"40\" class=\"wpcf7-form-control wpcf7-drag-n-drop-file d-none\" aria-invalid=\"false\" multiple=\"multiple\" data-name=\"upload-file-92\" data-type=\"jpeg|png|jpg|gif|doc|docx|rtf|mp3|XML|TXT|csv|ppt|sdf|tar|MP3|MP4|AVI|WMV|SRT|pdf|xlr|xls|xlsx|rar|zip|zipx\" data-limit=\"20971520\" data-id=\"4603\" data-version=\"free version 1.3.6.4\" accept=\".jpeg, .png, .jpg, .gif, .doc, .docx, .rtf, .mp3, .XML, .TXT, .csv, .ppt, .sdf, .tar, .MP3, .MP4, .AVI, .WMV, .SRT, .pdf, .xlr, .xls, .xlsx, .rar, .zip, .zipx\" \/><\/span><br \/>\n<\/label>\n<\/div>\n<div class=\"nom\">\n<span class=\"wpcf7-form-control-wrap text-101\"><input type=\"text\" name=\"text-101\" value=\"\" size=\"40\" class=\"wpcf7-form-control wpcf7-text wpcf7-validates-as-required\" id=\"nom\" aria-required=\"true\" aria-invalid=\"false\" placeholder=\"Votre nom\" \/><\/span>\n<\/div>\n<div class=\"email\">\n<span class=\"wpcf7-form-control-wrap your-email8\"><input type=\"email\" name=\"your-email8\" value=\"\" size=\"40\" class=\"wpcf7-form-control wpcf7-text wpcf7-email wpcf7-validates-as-required wpcf7-validates-as-email\" id=\"email\" aria-required=\"true\" aria-invalid=\"false\" placeholder=\"Votre email\" \/><\/span>\n<\/div>\n<div class=\"entreprise\">\n<span class=\"wpcf7-form-control-wrap your-enterprise\"><input type=\"text\" name=\"your-enterprise\" value=\"\" size=\"40\" class=\"wpcf7-form-control wpcf7-text wpcf7-validates-as-required\" id=\"entreprise\" aria-required=\"true\" aria-invalid=\"false\" placeholder=\"Votre entreprise\" \/><\/span>\n<\/div>\n<div class=\"message\">\n<span class=\"wpcf7-form-control-wrap textarea-748\"><textarea name=\"textarea-748\" cols=\"40\" rows=\"10\" class=\"wpcf7-form-control wpcf7-textarea wpcf7-validates-as-required\" id=\"txtmessage\" aria-required=\"true\" aria-invalid=\"false\" placeholder=\"Donnez-nous plus d&#039;information sur votre projet de traduction\"><\/textarea><\/span>\n<\/div>\n<p><center id=\"btn\"><input type=\"submit\" value=\"Demandez votre devis\" class=\"wpcf7-form-control has-spinner wpcf7-submit\" \/><\/center><\/p>\n<p style=\"display: none !important;\"><label>&#916;<textarea name=\"_wpcf7_ak_hp_textarea\" cols=\"45\" rows=\"8\" maxlength=\"100\"><\/textarea><\/label><input type=\"hidden\" id=\"ak_js_1\" name=\"_wpcf7_ak_js\" value=\"70\"\/><script>document.getElementById( \"ak_js_1\" ).setAttribute( \"value\", ( new Date() ).getTime() );<\/script><\/p><div class=\"wpcf7-response-output\" aria-hidden=\"true\"><\/div><\/form><\/div>[\/vc_column][vc_column column_padding=\u00a0\u00bbpadding-3-percent\u00a0\u00bb column_padding_tablet=\u00a0\u00bbinherit\u00a0\u00bb column_padding_phone=\u00a0\u00bbinherit\u00a0\u00bb column_padding_position=\u00a0\u00bbleft-right\u00a0\u00bb background_color=\u00a0\u00bb#fed403&Prime; background_color_opacity=\u00a0\u00bb1&Prime; background_hover_color_opacity=\u00a0\u00bb1&Prime; column_shadow=\u00a0\u00bbnone\u00a0\u00bb column_border_radius=\u00a0\u00bb10px\u00a0\u00bb column_link_target=\u00a0\u00bb_self\u00a0\u00bb gradient_direction=\u00a0\u00bbleft_to_right\u00a0\u00bb overlay_strength=\u00a0\u00bb0.3&Prime; width=\u00a0\u00bb1\/3&Prime; tablet_width_inherit=\u00a0\u00bbdefault\u00a0\u00bb tablet_text_alignment=\u00a0\u00bbdefault\u00a0\u00bb phone_text_alignment=\u00a0\u00bbdefault\u00a0\u00bb column_border_width=\u00a0\u00bbnone\u00a0\u00bb bg_image_animation=\u00a0\u00bbnone\u00a0\u00bb][vc_row_inner column_margin=\u00a0\u00bbdefault\u00a0\u00bb column_direction=\u00a0\u00bbdefault\u00a0\u00bb column_direction_tablet=\u00a0\u00bbdefault\u00a0\u00bb column_direction_phone=\u00a0\u00bbdefault\u00a0\u00bb text_align=\u00a0\u00bbleft\u00a0\u00bb][vc_column_inner column_padding=\u00a0\u00bbno-extra-padding\u00a0\u00bb column_padding_tablet=\u00a0\u00bbinherit\u00a0\u00bb column_padding_phone=\u00a0\u00bbinherit\u00a0\u00bb column_padding_position=\u00a0\u00bball\u00a0\u00bb background_color_opacity=\u00a0\u00bb1&Prime; background_hover_color_opacity=\u00a0\u00bb1&Prime; column_shadow=\u00a0\u00bbnone\u00a0\u00bb column_border_radius=\u00a0\u00bbnone\u00a0\u00bb column_link_target=\u00a0\u00bb_self\u00a0\u00bb gradient_direction=\u00a0\u00bbleft_to_right\u00a0\u00bb overlay_strength=\u00a0\u00bb0.3&Prime; width=\u00a0\u00bb1\/1&Prime; tablet_width_inherit=\u00a0\u00bbdefault\u00a0\u00bb column_border_width=\u00a0\u00bbnone\u00a0\u00bb column_border_style=\u00a0\u00bbsolid\u00a0\u00bb bg_image_animation=\u00a0\u00bbnone\u00a0\u00bb offset=\u00a0\u00bbvc_hidden-xs\u00a0\u00bb][divider line_type=\u00a0\u00bbNo Line\u00a0\u00bb custom_height=\u00a0\u00bb10&Prime;][image_with_animation image_url=\u00a0\u00bb5244&Prime; animation=\u00a0\u00bbFade In\u00a0\u00bb hover_animation=\u00a0\u00bbnone\u00a0\u00bb alignment=\u00a0\u00bb\u00a0\u00bb border_radius=\u00a0\u00bbnone\u00a0\u00bb box_shadow=\u00a0\u00bbnone\u00a0\u00bb image_loading=\u00a0\u00bbdefault\u00a0\u00bb max_width=\u00a0\u00bb100%\u00a0\u00bb max_width_mobile=\u00a0\u00bbdefault\u00a0\u00bb][\/vc_column_inner][\/vc_row_inner][vc_row_inner column_margin=\u00a0\u00bbdefault\u00a0\u00bb column_direction=\u00a0\u00bbdefault\u00a0\u00bb column_direction_tablet=\u00a0\u00bbdefault\u00a0\u00bb column_direction_phone=\u00a0\u00bbdefault\u00a0\u00bb text_align=\u00a0\u00bbleft\u00a0\u00bb][vc_column_inner column_padding=\u00a0\u00bbpadding-2-percent\u00a0\u00bb column_padding_tablet=\u00a0\u00bbinherit\u00a0\u00bb column_padding_phone=\u00a0\u00bbinherit\u00a0\u00bb column_padding_position=\u00a0\u00bbtop\u00a0\u00bb background_color_opacity=\u00a0\u00bb1&Prime; background_hover_color_opacity=\u00a0\u00bb1&Prime; column_shadow=\u00a0\u00bbnone\u00a0\u00bb column_border_radius=\u00a0\u00bbnone\u00a0\u00bb column_link_target=\u00a0\u00bb_self\u00a0\u00bb gradient_direction=\u00a0\u00bbleft_to_right\u00a0\u00bb overlay_strength=\u00a0\u00bb0.3&Prime; width=\u00a0\u00bb1\/1&Prime; tablet_width_inherit=\u00a0\u00bbdefault\u00a0\u00bb column_border_width=\u00a0\u00bbnone\u00a0\u00bb column_border_style=\u00a0\u00bbsolid\u00a0\u00bb bg_image_animation=\u00a0\u00bbnone\u00a0\u00bb][vc_column_text]Pour toute autre demande de services linguistiques (traduction machine post-\u00e9dit\u00e9e, sous-titrage, doublage avec voix de synth\u00e8se, interpr\u00e9tariat), contactez-nous directement pour obtenir un devis :[\/vc_column_text][vc_column_text]\n<p style=\"text-align: center; font-size: 24px;\">hello@poptranslation.com<\/p>\n[\/vc_column_text][\/vc_column_inner][\/vc_row_inner][vc_row_inner column_margin=\u00a0\u00bbdefault\u00a0\u00bb column_direction=\u00a0\u00bbdefault\u00a0\u00bb column_direction_tablet=\u00a0\u00bbdefault\u00a0\u00bb column_direction_phone=\u00a0\u00bbdefault\u00a0\u00bb text_align=\u00a0\u00bbleft\u00a0\u00bb][vc_column_inner column_padding=\u00a0\u00bbno-extra-padding\u00a0\u00bb column_padding_tablet=\u00a0\u00bbinherit\u00a0\u00bb column_padding_phone=\u00a0\u00bbinherit\u00a0\u00bb column_padding_position=\u00a0\u00bball\u00a0\u00bb background_color_opacity=\u00a0\u00bb1&Prime; background_hover_color_opacity=\u00a0\u00bb1&Prime; column_shadow=\u00a0\u00bbnone\u00a0\u00bb column_border_radius=\u00a0\u00bbnone\u00a0\u00bb column_link_target=\u00a0\u00bb_self\u00a0\u00bb gradient_direction=\u00a0\u00bbleft_to_right\u00a0\u00bb overlay_strength=\u00a0\u00bb0.3&Prime; width=\u00a0\u00bb1\/1&Prime; tablet_width_inherit=\u00a0\u00bbdefault\u00a0\u00bb column_border_width=\u00a0\u00bbnone\u00a0\u00bb column_border_style=\u00a0\u00bbsolid\u00a0\u00bb bg_image_animation=\u00a0\u00bbnone\u00a0\u00bb][image_with_animation image_url=\u00a0\u00bb5207&Prime; animation=\u00a0\u00bbFade In\u00a0\u00bb hover_animation=\u00a0\u00bbnone\u00a0\u00bb alignment=\u00a0\u00bb\u00a0\u00bb border_radius=\u00a0\u00bbnone\u00a0\u00bb box_shadow=\u00a0\u00bbnone\u00a0\u00bb image_loading=\u00a0\u00bbdefault\u00a0\u00bb max_width=\u00a0\u00bb100%\u00a0\u00bb max_width_mobile=\u00a0\u00bbdefault\u00a0\u00bb][divider line_type=\u00a0\u00bbNo Line\u00a0\u00bb custom_height=\u00a0\u00bb2&Prime;][\/vc_column_inner][\/vc_row_inner][\/vc_column][\/vc_row][vc_row type=\u00a0\u00bbin_container\u00a0\u00bb full_screen_row_position=\u00a0\u00bbmiddle\u00a0\u00bb column_margin=\u00a0\u00bbdefault\u00a0\u00bb column_direction=\u00a0\u00bbdefault\u00a0\u00bb column_direction_tablet=\u00a0\u00bbdefault\u00a0\u00bb column_direction_phone=\u00a0\u00bbdefault\u00a0\u00bb scene_position=\u00a0\u00bbcenter\u00a0\u00bb text_color=\u00a0\u00bbdark\u00a0\u00bb text_align=\u00a0\u00bbleft\u00a0\u00bb row_border_radius=\u00a0\u00bbnone\u00a0\u00bb row_border_radius_applies=\u00a0\u00bbbg\u00a0\u00bb overlay_strength=\u00a0\u00bb0.3&Prime; gradient_direction=\u00a0\u00bbleft_to_right\u00a0\u00bb shape_divider_position=\u00a0\u00bbbottom\u00a0\u00bb bg_image_animation=\u00a0\u00bbnone\u00a0\u00bb][vc_column column_padding=\u00a0\u00bbno-extra-padding\u00a0\u00bb column_padding_tablet=\u00a0\u00bbinherit\u00a0\u00bb column_padding_phone=\u00a0\u00bbinherit\u00a0\u00bb column_padding_position=\u00a0\u00bball\u00a0\u00bb background_color_opacity=\u00a0\u00bb1&Prime; background_hover_color_opacity=\u00a0\u00bb1&Prime; column_shadow=\u00a0\u00bbnone\u00a0\u00bb column_border_radius=\u00a0\u00bbnone\u00a0\u00bb column_link_target=\u00a0\u00bb_self\u00a0\u00bb gradient_direction=\u00a0\u00bbleft_to_right\u00a0\u00bb overlay_strength=\u00a0\u00bb0.3&Prime; width=\u00a0\u00bb1\/1&Prime; tablet_width_inherit=\u00a0\u00bbdefault\u00a0\u00bb tablet_text_alignment=\u00a0\u00bbdefault\u00a0\u00bb phone_text_alignment=\u00a0\u00bbdefault\u00a0\u00bb column_border_width=\u00a0\u00bbnone\u00a0\u00bb column_border_style=\u00a0\u00bbsolid\u00a0\u00bb bg_image_animation=\u00a0\u00bbnone\u00a0\u00bb][divider line_type=\u00a0\u00bbNo Line\u00a0\u00bb custom_height=\u00a0\u00bb19&Prime;][\/vc_column][\/vc_row]\n","protected":false},"excerpt":{"rendered":"<p>[vc_row type=\u00a0\u00bbin_container\u00a0\u00bb full_screen_row_position=\u00a0\u00bbmiddle\u00a0\u00bb column_margin=\u00a0\u00bbdefault\u00a0\u00bb equal_height=\u00a0\u00bbyes\u00a0\u00bb column_direction=\u00a0\u00bbdefault\u00a0\u00bb column_direction_tablet=\u00a0\u00bbdefault\u00a0\u00bb column_direction_phone=\u00a0\u00bbdefault\u00a0\u00bb scene_position=\u00a0\u00bbcenter\u00a0\u00bb text_color=\u00a0\u00bbdark\u00a0\u00bb text_align=\u00a0\u00bbleft\u00a0\u00bb row_border_radius=\u00a0\u00bb20px\u00a0\u00bb row_border_radius_applies=\u00a0\u00bbbg\u00a0\u00bb overlay_strength=\u00a0\u00bb0.3&Prime; gradient_direction=\u00a0\u00bbleft_to_right\u00a0\u00bb shape_divider_position=\u00a0\u00bbbottom\u00a0\u00bb bg_image_animation=\u00a0\u00bbnone\u00a0\u00bb shape_type=\u00a0\u00bb\u00a0\u00bb][vc_column column_padding=\u00a0\u00bbno-extra-padding\u00a0\u00bb column_padding_tablet=\u00a0\u00bbinherit\u00a0\u00bb column_padding_phone=\u00a0\u00bbpadding-2-percent\u00a0\u00bb column_padding_position=\u00a0\u00bball\u00a0\u00bb background_color=\u00a0\u00bb#ffffff\u00a0\u00bb background_color_opacity=\u00a0\u00bb1&Prime; background_hover_color_opacity=\u00a0\u00bb1&Prime; column_shadow=\u00a0\u00bbnone\u00a0\u00bb column_border_radius=\u00a0\u00bb3px\u00a0\u00bb column_link_target=\u00a0\u00bb_self\u00a0\u00bb gradient_direction=\u00a0\u00bbleft_to_right\u00a0\u00bb overlay_strength=\u00a0\u00bb0.3&Prime;&#8230;<\/p>\n","protected":false},"author":2490,"featured_media":0,"parent":0,"menu_order":0,"comment_status":"closed","ping_status":"closed","template":"","meta":{"content-type":"","om_disable_all_campaigns":false,"_monsterinsights_skip_tracking":false,"_monsterinsights_sitenote_active":false,"_monsterinsights_sitenote_note":"","_monsterinsights_sitenote_category":0},"aioseo_notices":[],"_links":{"self":[{"href":"https:\/\/poptranslation.com\/fr\/wp-json\/wp\/v2\/pages\/4969"}],"collection":[{"href":"https:\/\/poptranslation.com\/fr\/wp-json\/wp\/v2\/pages"}],"about":[{"href":"https:\/\/poptranslation.com\/fr\/wp-json\/wp\/v2\/types\/page"}],"author":[{"embeddable":true,"href":"https:\/\/poptranslation.com\/fr\/wp-json\/wp\/v2\/users\/2490"}],"replies":[{"embeddable":true,"href":"https:\/\/poptranslation.com\/fr\/wp-json\/wp\/v2\/comments?post=4969"}],"version-history":[{"count":19,"href":"https:\/\/poptranslation.com\/fr\/wp-json\/wp\/v2\/pages\/4969\/revisions"}],"predecessor-version":[{"id":33141,"href":"https:\/\/poptranslation.com\/fr\/wp-json\/wp\/v2\/pages\/4969\/revisions\/33141"}],"wp:attachment":[{"href":"https:\/\/poptranslation.com\/fr\/wp-json\/wp\/v2\/media?parent=4969"}],"curies":[{"name":"wp","href":"https:\/\/api.w.org\/{rel}","templated":true}]}}